{"id":174,"date":"2025-07-08T01:22:12","date_gmt":"2025-07-07T23:22:12","guid":{"rendered":"https:\/\/hyadallee.greenshelf.net\/index.php\/fonctionnalites\/"},"modified":"2025-07-10T11:40:23","modified_gmt":"2025-07-10T09:40:23","slug":"fonctionnalites-anti-gaspi","status":"publish","type":"page","link":"https:\/\/hyadallee.greenshelf.net\/index.php\/fonctionnalites-anti-gaspi\/","title":{"rendered":"Fonctionnalit\u00e9s"},"content":{"rendered":"\n\n","protected":false},"excerpt":{"rendered":"","protected":false},"author":1,"featured_media":0,"parent":0,"menu_order":0,"comment_status":"closed","ping_status":"closed","template":"kubio-full-width","meta":{"saved_in_kubio":true,"site-sidebar-layout":"default","site-content-layout":"","ast-site-content-layout":"default","site-content-style":"default","site-sidebar-style":"default","ast-global-header-display":"","ast-banner-title-visibility":"","ast-main-header-display":"","ast-hfb-above-header-display":"","ast-hfb-below-header-display":"","ast-hfb-mobile-header-display":"","site-post-title":"","ast-breadcrumbs-content":"","ast-featured-img":"","footer-sml-layout":"","theme-transparent-header-meta":"default","adv-header-id-meta":"","stick-header-meta":"","header-above-stick-meta":"","header-main-stick-meta":"","header-below-stick-meta":"","astra-migrate-meta-layouts":"set","ast-page-background-enabled":"default","ast-page-background-meta":{"desktop":{"background-color":"var(--ast-global-color-5)","background-image":"","background-repeat":"repeat","background-position":"center center","background-size":"auto","background-attachment":"scroll","background-type":"","background-media":"","overlay-type":"","overlay-color":"","overlay-opacity":"","overlay-gradient":""},"tablet":{"background-color":"","background-image":"","background-repeat":"repeat","background-position":"center center","background-size":"auto","background-attachment":"scroll","background-type":"","background-media":"","overlay-type":"","overlay-color":"","overlay-opacity":"","overlay-gradient":""},"mobile":{"background-color":"","background-image":"","background-repeat":"repeat","background-position":"center center","background-size":"auto","background-attachment":"scroll","background-type":"","background-media":"","overlay-type":"","overlay-color":"","overlay-opacity":"","overlay-gradient":""}},"ast-content-background-meta":{"desktop":{"background-color":"var(--ast-global-color-4)","background-image":"","background-repeat":"repeat","background-position":"center center","background-size":"auto","background-attachment":"scroll","background-type":"","background-media":"","overlay-type":"","overlay-color":"","overlay-opacity":"","overlay-gradient":""},"tablet":{"background-color":"var(--ast-global-color-4)","background-image":"","background-repeat":"repeat","background-position":"center center","background-size":"auto","background-attachment":"scroll","background-type":"","background-media":"","overlay-type":"","overlay-color":"","overlay-opacity":"","overlay-gradient":""},"mobile":{"background-color":"var(--ast-global-color-4)","background-image":"","background-repeat":"repeat","background-position":"center center","background-size":"auto","background-attachment":"scroll","background-type":"","background-media":"","overlay-type":"","overlay-color":"","overlay-opacity":"","overlay-gradient":""}},"footnotes":""},"class_list":["post-174","page","type-page","status-publish","hentry"],"kubio_ai_page_context":{"short_desc":"","purpose":"general"},"yoast_head":"<!-- This site is optimized with the Yoast SEO plugin v25.4 - https:\/\/yoast.com\/wordpress\/plugins\/seo\/ -->\n<title>L&#039;app anti-gaspi GreenShelf<\/title>\n<meta name=\"description\" content=\"D\u00e9couvrez les fonctionnalit\u00e9s de GreenShelf : gestion de stocks, rappels, recettes anti-gaspi pour \u00e9viter le g\u00e2chis alimentaire.\" \/>\n<meta name=\"robots\" content=\"index, follow, max-snippet:-1, max-image-preview:large, max-video-preview:-1\" \/>\n<link rel=\"canonical\" href=\"https:\/\/hyadallee.greenshelf.net\/index.php\/fonctionnalites-anti-gaspi\/\" \/>\n<meta property=\"og:locale\" content=\"en_US\" \/>\n<meta property=\"og:type\" content=\"article\" \/>\n<meta property=\"og:title\" content=\"L&#039;app anti-gaspi GreenShelf\" \/>\n<meta property=\"og:description\" content=\"D\u00e9couvrez les fonctionnalit\u00e9s de GreenShelf : gestion de stocks, rappels, recettes anti-gaspi pour \u00e9viter le g\u00e2chis alimentaire.\" \/>\n<meta property=\"og:url\" content=\"https:\/\/hyadallee.greenshelf.net\/index.php\/fonctionnalites-anti-gaspi\/\" \/>\n<meta property=\"og:site_name\" content=\"WordPress\" \/>\n<meta property=\"article:modified_time\" content=\"2025-07-10T09:40:23+00:00\" \/>\n<meta name=\"twitter:card\" content=\"summary_large_image\" \/>\n<meta name=\"twitter:label1\" content=\"Est. reading time\" \/>\n\t<meta name=\"twitter:data1\" content=\"1 minute\" \/>\n<script type=\"application\/ld+json\" class=\"yoast-schema-graph\">{\"@context\":\"https:\/\/schema.org\",\"@graph\":[{\"@type\":\"WebPage\",\"@id\":\"https:\/\/hyadallee.greenshelf.net\/index.php\/fonctionnalites-anti-gaspi\/\",\"url\":\"https:\/\/hyadallee.greenshelf.net\/index.php\/fonctionnalites-anti-gaspi\/\",\"name\":\"L'app anti-gaspi GreenShelf\",\"isPartOf\":{\"@id\":\"https:\/\/hyadallee.greenshelf.net\/#website\"},\"datePublished\":\"2025-07-07T23:22:12+00:00\",\"dateModified\":\"2025-07-10T09:40:23+00:00\",\"description\":\"D\u00e9couvrez les fonctionnalit\u00e9s de GreenShelf : gestion de stocks, rappels, recettes anti-gaspi pour \u00e9viter le g\u00e2chis alimentaire.\",\"breadcrumb\":{\"@id\":\"https:\/\/hyadallee.greenshelf.net\/index.php\/fonctionnalites-anti-gaspi\/#breadcrumb\"},\"inLanguage\":\"en-US\",\"potentialAction\":[{\"@type\":\"ReadAction\",\"target\":[\"https:\/\/hyadallee.greenshelf.net\/index.php\/fonctionnalites-anti-gaspi\/\"]}]},{\"@type\":\"BreadcrumbList\",\"@id\":\"https:\/\/hyadallee.greenshelf.net\/index.php\/fonctionnalites-anti-gaspi\/#breadcrumb\",\"itemListElement\":[{\"@type\":\"ListItem\",\"position\":1,\"name\":\"Accueil\",\"item\":\"https:\/\/hyadallee.greenshelf.net\/\"},{\"@type\":\"ListItem\",\"position\":2,\"name\":\"Fonctionnalit\u00e9s\"}]},{\"@type\":\"WebSite\",\"@id\":\"https:\/\/hyadallee.greenshelf.net\/#website\",\"url\":\"https:\/\/hyadallee.greenshelf.net\/\",\"name\":\"Greenshelf\",\"description\":\"Un site utilisant WordPress\",\"publisher\":{\"@id\":\"https:\/\/hyadallee.greenshelf.net\/#organization\"},\"potentialAction\":[{\"@type\":\"SearchAction\",\"target\":{\"@type\":\"EntryPoint\",\"urlTemplate\":\"https:\/\/hyadallee.greenshelf.net\/?s={search_term_string}\"},\"query-input\":{\"@type\":\"PropertyValueSpecification\",\"valueRequired\":true,\"valueName\":\"search_term_string\"}}],\"inLanguage\":\"en-US\"},{\"@type\":\"Organization\",\"@id\":\"https:\/\/hyadallee.greenshelf.net\/#organization\",\"name\":\"Greenshelf\",\"url\":\"https:\/\/hyadallee.greenshelf.net\/\",\"logo\":{\"@type\":\"ImageObject\",\"inLanguage\":\"en-US\",\"@id\":\"https:\/\/hyadallee.greenshelf.net\/#\/schema\/logo\/image\/\",\"url\":\"https:\/\/hyadallee.greenshelf.net\/wp-content\/uploads\/2025\/07\/Capture_d_ecran_2025-07-09_102744-removebg-preview-1.png\",\"contentUrl\":\"https:\/\/hyadallee.greenshelf.net\/wp-content\/uploads\/2025\/07\/Capture_d_ecran_2025-07-09_102744-removebg-preview-1.png\",\"width\":504,\"height\":495,\"caption\":\"Greenshelf\"},\"image\":{\"@id\":\"https:\/\/hyadallee.greenshelf.net\/#\/schema\/logo\/image\/\"}}]}<\/script>\n<!-- \/ Yoast SEO plugin. -->","yoast_head_json":{"title":"L'app anti-gaspi GreenShelf","description":"D\u00e9couvrez les fonctionnalit\u00e9s de GreenShelf : gestion de stocks, rappels, recettes anti-gaspi pour \u00e9viter le g\u00e2chis alimentaire.","robots":{"index":"index","follow":"follow","max-snippet":"max-snippet:-1","max-image-preview":"max-image-preview:large","max-video-preview":"max-video-preview:-1"},"canonical":"https:\/\/hyadallee.greenshelf.net\/index.php\/fonctionnalites-anti-gaspi\/","og_locale":"en_US","og_type":"article","og_title":"L'app anti-gaspi GreenShelf","og_description":"D\u00e9couvrez les fonctionnalit\u00e9s de GreenShelf : gestion de stocks, rappels, recettes anti-gaspi pour \u00e9viter le g\u00e2chis alimentaire.","og_url":"https:\/\/hyadallee.greenshelf.net\/index.php\/fonctionnalites-anti-gaspi\/","og_site_name":"WordPress","article_modified_time":"2025-07-10T09:40:23+00:00","twitter_card":"summary_large_image","twitter_misc":{"Est. reading time":"1 minute"},"schema":{"@context":"https:\/\/schema.org","@graph":[{"@type":"WebPage","@id":"https:\/\/hyadallee.greenshelf.net\/index.php\/fonctionnalites-anti-gaspi\/","url":"https:\/\/hyadallee.greenshelf.net\/index.php\/fonctionnalites-anti-gaspi\/","name":"L'app anti-gaspi GreenShelf","isPartOf":{"@id":"https:\/\/hyadallee.greenshelf.net\/#website"},"datePublished":"2025-07-07T23:22:12+00:00","dateModified":"2025-07-10T09:40:23+00:00","description":"D\u00e9couvrez les fonctionnalit\u00e9s de GreenShelf : gestion de stocks, rappels, recettes anti-gaspi pour \u00e9viter le g\u00e2chis alimentaire.","breadcrumb":{"@id":"https:\/\/hyadallee.greenshelf.net\/index.php\/fonctionnalites-anti-gaspi\/#breadcrumb"},"inLanguage":"en-US","potentialAction":[{"@type":"ReadAction","target":["https:\/\/hyadallee.greenshelf.net\/index.php\/fonctionnalites-anti-gaspi\/"]}]},{"@type":"BreadcrumbList","@id":"https:\/\/hyadallee.greenshelf.net\/index.php\/fonctionnalites-anti-gaspi\/#breadcrumb","itemListElement":[{"@type":"ListItem","position":1,"name":"Accueil","item":"https:\/\/hyadallee.greenshelf.net\/"},{"@type":"ListItem","position":2,"name":"Fonctionnalit\u00e9s"}]},{"@type":"WebSite","@id":"https:\/\/hyadallee.greenshelf.net\/#website","url":"https:\/\/hyadallee.greenshelf.net\/","name":"Greenshelf","description":"Un site utilisant WordPress","publisher":{"@id":"https:\/\/hyadallee.greenshelf.net\/#organization"},"potentialAction":[{"@type":"SearchAction","target":{"@type":"EntryPoint","urlTemplate":"https:\/\/hyadallee.greenshelf.net\/?s={search_term_string}"},"query-input":{"@type":"PropertyValueSpecification","valueRequired":true,"valueName":"search_term_string"}}],"inLanguage":"en-US"},{"@type":"Organization","@id":"https:\/\/hyadallee.greenshelf.net\/#organization","name":"Greenshelf","url":"https:\/\/hyadallee.greenshelf.net\/","logo":{"@type":"ImageObject","inLanguage":"en-US","@id":"https:\/\/hyadallee.greenshelf.net\/#\/schema\/logo\/image\/","url":"https:\/\/hyadallee.greenshelf.net\/wp-content\/uploads\/2025\/07\/Capture_d_ecran_2025-07-09_102744-removebg-preview-1.png","contentUrl":"https:\/\/hyadallee.greenshelf.net\/wp-content\/uploads\/2025\/07\/Capture_d_ecran_2025-07-09_102744-removebg-preview-1.png","width":504,"height":495,"caption":"Greenshelf"},"image":{"@id":"https:\/\/hyadallee.greenshelf.net\/#\/schema\/logo\/image\/"}}]}},"_links":{"self":[{"href":"https:\/\/hyadallee.greenshelf.net\/index.php\/wp-json\/wp\/v2\/pages\/174","targetHints":{"allow":["GET"]}}],"collection":[{"href":"https:\/\/hyadallee.greenshelf.net\/index.php\/wp-json\/wp\/v2\/pages"}],"about":[{"href":"https:\/\/hyadallee.greenshelf.net\/index.php\/wp-json\/wp\/v2\/types\/page"}],"author":[{"embeddable":true,"href":"https:\/\/hyadallee.greenshelf.net\/index.php\/wp-json\/wp\/v2\/users\/1"}],"replies":[{"embeddable":true,"href":"https:\/\/hyadallee.greenshelf.net\/index.php\/wp-json\/wp\/v2\/comments?post=174"}],"version-history":[{"count":12,"href":"https:\/\/hyadallee.greenshelf.net\/index.php\/wp-json\/wp\/v2\/pages\/174\/revisions"}],"predecessor-version":[{"id":420,"href":"https:\/\/hyadallee.greenshelf.net\/index.php\/wp-json\/wp\/v2\/pages\/174\/revisions\/420"}],"wp:attachment":[{"href":"https:\/\/hyadallee.greenshelf.net\/index.php\/wp-json\/wp\/v2\/media?parent=174"}],"curies":[{"name":"wp","href":"https:\/\/api.w.org\/{rel}","templated":true}]}}